{"id":1026,"date":"2020-10-19T12:17:46","date_gmt":"2020-10-19T12:17:46","guid":{"rendered":"https:\/\/willbode.com\/?page_id=1026"},"modified":"2024-07-12T17:41:39","modified_gmt":"2024-07-12T17:41:39","slug":"privacy-policy","status":"publish","type":"page","link":"https:\/\/willbode.com\/fr\/privacy-policy\/","title":{"rendered":"Politique de Confidentialit\u00e9"},"content":{"rendered":"<div data-elementor-type=\"wp-page\" data-elementor-id=\"1026\" class=\"elementor elementor-1026\" data-elementor-post-type=\"page\">\n\t\t\t\t\t\t<section class=\"elementor-section elementor-top-section elementor-element elementor-element-1652992 elementor-section-boxed elementor-section-height-default elementor-section-height-default\" data-id=\"1652992\" data-element_type=\"section\" data-e-type=\"section\">\n\t\t\t\t\t\t<div class=\"elementor-container elementor-column-gap-default\">\n\t\t\t\t\t<div class=\"elementor-column elementor-col-100 elementor-top-column elementor-element elementor-element-ade087e\" data-id=\"ade087e\" data-element_type=\"column\" data-e-type=\"column\">\n\t\t\t<div class=\"elementor-widget-wrap elementor-element-populated\">\n\t\t\t\t\t\t<div class=\"elementor-element elementor-element-3cd29c0 elementor-widget elementor-widget-heading\" data-id=\"3cd29c0\" data-element_type=\"widget\" data-e-type=\"widget\" data-widget_type=\"heading.default\">\n\t\t\t\t<div class=\"elementor-widget-container\">\n\t\t\t\t\t<h2 class=\"elementor-heading-title elementor-size-default\">Politique de Confidentialit\u00e9<\/h2>\t\t\t\t<\/div>\n\t\t\t\t<\/div>\n\t\t\t\t\t<\/div>\n\t\t<\/div>\n\t\t\t\t\t<\/div>\n\t\t<\/section>\n\t\t\t\t<section class=\"elementor-section elementor-top-section elementor-element elementor-element-84dc113 elementor-section-boxed elementor-section-height-default elementor-section-height-default\" data-id=\"84dc113\" data-element_type=\"section\" data-e-type=\"section\" data-settings=\"{&quot;background_background&quot;:&quot;gradient&quot;}\">\n\t\t\t\t\t\t<div class=\"elementor-container elementor-column-gap-default\">\n\t\t\t\t\t<div class=\"elementor-column elementor-col-100 elementor-top-column elementor-element elementor-element-ba621b4\" data-id=\"ba621b4\" data-element_type=\"column\" data-e-type=\"column\">\n\t\t\t<div class=\"elementor-widget-wrap elementor-element-populated\">\n\t\t\t\t\t\t<div class=\"elementor-element elementor-element-cba66e3 elementor-widget elementor-widget-text-editor\" data-id=\"cba66e3\" data-element_type=\"widget\" data-e-type=\"widget\" data-widget_type=\"text-editor.default\">\n\t\t\t\t<div class=\"elementor-widget-container\">\n\t\t\t\t\t\t\t\t\t<p>Bienvenue sur le site Web de Will Bode (\"nous\", \"notre\" et\/ou \"nos\") (le \"Site\"). Ce Site a \u00e9t\u00e9 cr\u00e9\u00e9 pour fournir des informations sur notre travail et nos services et pour donner (\"vous\", \"votre entreprise\") la possibilit\u00e9 de travailler avec nous. La pr\u00e9sente politique de confidentialit\u00e9 d\u00e9finit notre politique en mati\u00e8re d'informations, y compris les donn\u00e9es d'identification personnelle (\"Donn\u00e9es personnelles\") et autres informations, qui sont collect\u00e9es aupr\u00e8s des visiteurs du Site.\n\nTraduit avec www.DeepL.com\/Translator (version gratuite)<\/p><p><b>Processeurs de paiement tiers\u2028<\/b><br \/>Nous utilisons des processeurs de paiement tiers pour traiter les dons qui nous sont faits. Dans le cadre du traitement de ces paiements, nous ne conservons aucune information financi\u00e8re permettant d'identifier les personnes, comme les num\u00e9ros de carte de cr\u00e9dit. Au contraire, toutes ces informations sont fournies directement \u00e0 nos processeurs tiers, Stripe ou PayPal (les \"processeurs de paiement\"). Toutes les informations transmises au processeur de paiement sont crypt\u00e9es \u00e0 l'aide de la technologie SSL (Secure Socket Layer).\n\nTraduit avec www.DeepL.com\/Translator (version gratuite)<br \/>L'utilisation de vos donn\u00e9es personnelles par le processeur de paiement est r\u00e9gie par sa politique de confidentialit\u00e9, qui peut \u00eatre consult\u00e9e \u00e0 l'adresse Internet suivante :\u2028<\/p><p><b>\u2022 Stripe: <a href=\"https:\/\/stripe.com\/us\/privacy\" target=\"_blank\" rel=\"noopener\">https:\/\/stripe.com\/us\/privacy<\/a><\/b><\/p><p><b>\u2028\u2022 PayPal: <a href=\"https:\/\/www.paypal.com\/us\/webapps\/mpp\/ua\/privacy-full\" target=\"_blank\" rel=\"noopener\">https:\/\/www.paypal.com\/us\/webapps\/mpp\/ua\/privacy-full<\/a><\/b><\/p><p><b>Contenu int\u00e9gr\u00e9 d'autres sites web\u2028<br \/><\/b>Ce site comprend du contenu int\u00e9gr\u00e9 (par exemple des vid\u00e9os, des images, des articles, etc.). Le contenu int\u00e9gr\u00e9 provenant d'autres sites web se comporte exactement de la m\u00eame mani\u00e8re que si le visiteur avait visit\u00e9 l'autre site web. Ces sites web peuvent collecter des donn\u00e9es vous concernant, utiliser des cookies, int\u00e9grer un suivi suppl\u00e9mentaire par des tiers et surveiller votre interaction avec ce contenu int\u00e9gr\u00e9, y compris le suivi de votre interaction avec le contenu int\u00e9gr\u00e9 si vous avez un compte et \u00eates connect\u00e9 \u00e0 ce site web.\n\nTraduit avec www.DeepL.com\/Translator (version gratuite)<\/p><p><b>Informations que nous recueillons\u2028<br \/><\/b>Lorsque vous interagissez avec nous par le biais du site, nous pouvons recueillir des donn\u00e9es personnelles et d'autres informations vous concernant, comme d\u00e9crit ci-dessous :<\/p><p>Nous recueillons vos donn\u00e9es personnelles lorsque vous nous les fournissez volontairement, par exemple lorsque vous nous contactez pour nous demander des renseignements, lorsque vous r\u00e9pondez \u00e0 une enqu\u00eate ou lorsque vous nous achetez des produits. Chaque fois que nous recueillons des donn\u00e9es personnelles, nous nous effor\u00e7ons de fournir un lien vers la pr\u00e9sente politique de confidentialit\u00e9. Vous pouvez choisir \u00e0 tout moment de vous retirer en contactant le service d'assistance \u00e0 l'adresse willbode@willbode.com.<\/p><p>En nous fournissant volontairement des donn\u00e9es personnelles, vous consentez \u00e0 ce que nous les utilisions conform\u00e9ment \u00e0 la pr\u00e9sente politique de confidentialit\u00e9. Si vous nous fournissez des donn\u00e9es personnelles, vous reconnaissez et acceptez que ces donn\u00e9es personnelles puissent \u00eatre transf\u00e9r\u00e9es de votre emplacement actuel vers les serveurs utilis\u00e9s par willbode.com, qui sont h\u00e9berg\u00e9s par des tiers autoris\u00e9s situ\u00e9s aux \u00c9tats-Unis.<\/p><p>\u2028\u2028\u2022 <b>Cookies: <\/b>Dans le cadre du fonctionnement du Site, nous pouvons utiliser une technologie appel\u00e9e \"cookies\". Un cookie est un \u00e9l\u00e9ment d'information que l'ordinateur qui h\u00e9berge notre site transmet \u00e0 votre navigateur lorsque vous acc\u00e9dez au site. Nos cookies permettent de fournir des fonctionnalit\u00e9s suppl\u00e9mentaires au Site et nous aident \u00e0 analyser l'utilisation du Site de mani\u00e8re plus pr\u00e9cise. Par exemple, notre site peut placer un cookie sur votre navigateur pour vous permettre d'acc\u00e9der au site sans avoir \u00e0 vous souvenir d'un mot de passe et \u00e0 le saisir plus d'une fois lors d'une visite sur le site. Dans tous les cas o\u00f9 nous utilisons des cookies, nous ne recueillons des donn\u00e9es personnelles qu'avec votre autorisation. Sur la plupart des navigateurs web, vous trouverez une section \"aide\" dans la barre d'outils. Veuillez vous r\u00e9f\u00e9rer \u00e0 cette section pour savoir comment recevoir une notification lorsque vous recevez un nouveau cookie et comment d\u00e9sactiver les cookies. Nous vous recommandons de laisser les cookies activ\u00e9s car ils vous permettent de profiter de certaines fonctionnalit\u00e9s du site.<\/p><p><b>\u2022 Aggregated Personal Data: <\/b>Dans un effort continu pour mieux comprendre et servir les utilisateurs du site willbode.com, nous effectuons souvent des recherches sur la d\u00e9mographie, les int\u00e9r\u00eats et le comportement de nos clients sur la base des donn\u00e9es personnelles et autres informations qui nous sont fournies. Ces recherches peuvent \u00eatre compil\u00e9es et analys\u00e9es sur une base globale, et will bode.com peut partager ces donn\u00e9es globales avec ses affili\u00e9s, agents et partenaires commerciaux. Ces informations globales ne vous identifient pas personnellement. willbode.com pourra \u00e9galement divulguer des statistiques globales sur les utilisateurs afin de d\u00e9crire nos finances et \u00e0 des tiers pour d'autres raisons l\u00e9gales. Nous conserverons toutes les informations que vous nous fournissez jusqu'\u00e0 ce que vous nous informiez de les supprimer.\u2028\u2028<\/p><p><b>Utilisation de vos donn\u00e9es personnelles et autres informations\u2028<\/b><br \/>willbode.com ne vendra ni ne louera \u00e0 aucun tiers les informations ou donn\u00e9es personnelles que vous nous fournissez. willbode.com utilise les donn\u00e9es personnelles que vous fournissez d'une mani\u00e8re conforme \u00e0 la pr\u00e9sente politique de confidentialit\u00e9. Si vous fournissez des donn\u00e9es personnelles pour une certaine raison, nous pouvons utiliser les donn\u00e9es personnelles en rapport avec la raison pour laquelle elles ont \u00e9t\u00e9 fournies. Par exemple, si vous nous contactez par e-mail, nous utiliserons les donn\u00e9es personnelles que vous fournissez pour r\u00e9pondre \u00e0 votre question ou r\u00e9soudre votre probl\u00e8me. De m\u00eame, si vous fournissez des donn\u00e9es personnelles afin de payer un service, nous utiliserons vos donn\u00e9es personnelles pour contr\u00f4ler nos finances. willbode.com peut \u00e9galement utiliser vos donn\u00e9es personnelles et d'autres informations non identifiables personnellement recueillies par le biais du site pour nous aider \u00e0 am\u00e9liorer le contenu et la fonctionnalit\u00e9 du site, pour mieux comprendre nos partisans et pour am\u00e9liorer le site. willbode.com peut utiliser ces informations pour vous contacter \u00e0 l'avenir afin de vous informer de ce que nous pensons pouvoir vous int\u00e9resser. Dans ce cas, chaque communication que nous vous enverrons contiendra des instructions vous permettant de refuser de recevoir les communications futures. En outre, si vous souhaitez \u00e0 tout moment ne pas recevoir de communications futures ou si vous souhaitez que votre nom soit supprim\u00e9 de nos listes de diffusion, veuillez nous contacter comme indiqu\u00e9 ci-dessous.<\/p><p>Si willbode.com a l'intention d'utiliser des donn\u00e9es personnelles d'une mani\u00e8re qui n'est pas conforme \u00e0 la pr\u00e9sente politique de confidentialit\u00e9, vous serez inform\u00e9 de cette utilisation anticip\u00e9e avant ou au moment de la collecte des donn\u00e9es personnelles.<\/p><p><b>Divulgation de vos donn\u00e9es personnelles et autres informations\u2028<\/b><br \/>Vous pouvez visiter le site willbode.com sans fournir de donn\u00e9es personnelles. Si vous choisissez de ne pas fournir de donn\u00e9es personnelles, willbode.com n'a pas pour vocation de vendre vos informations. Il existe certaines circonstances dans lesquelles nous pouvons partager vos donn\u00e9es personnelles avec des tiers sans vous en informer, comme indiqu\u00e9 ci-dessous<\/p><p>\u2022 <b>Agents, consultants et autres tiers :<\/b> willbode.com engage d'autres soci\u00e9t\u00e9s pour ex\u00e9cuter certaines fonctions commerciales. Ces fonctions peuvent inclure, par exemple, l'envoi d'informations par courrier, la maintenance du site et des bases de donn\u00e9es, et le traitement des paiements. Lorsque nous employons d'autres soci\u00e9t\u00e9s pour ex\u00e9cuter une fonction commerciale de cette nature, nous ne leur fournissons que les informations n\u00e9cessaires pour ex\u00e9cuter leur fonction sp\u00e9cifique. De temps \u00e0 autre, nous engagerons \u00e9galement des consultants tiers pour effectuer des t\u00e2ches sp\u00e9cifiques telles que l'assistance \u00e0 la client\u00e8le, auquel cas le consultant aura acc\u00e8s \u00e0 certaines donn\u00e9es personnelles n\u00e9cessaires \u00e0 l'ex\u00e9cution de sa fonction sp\u00e9cifique.<\/p><p>\u2022<b> Exigences l\u00e9gales :<\/b> willbode.com peut divulguer vos donn\u00e9es personnelles si la loi l'exige ou si elle croit de bonne foi qu'une telle action est n\u00e9cessaire pour se conformer \u00e0 une obligation l\u00e9gale, prot\u00e9ger et d\u00e9fendre les droits ou la propri\u00e9t\u00e9 de willbode.com, agir dans des circonstances urgentes pour prot\u00e9ger la s\u00e9curit\u00e9 personnelle des utilisateurs du site ou du public, ou se prot\u00e9ger contre une responsabilit\u00e9 l\u00e9gale.<\/p><p><b>Exclusions\u2028<\/b><br \/>Cette politique de confidentialit\u00e9 ne s'applique pas aux donn\u00e9es personnelles collect\u00e9es par willbode.com autres que les donn\u00e9es personnelles collect\u00e9es par le site. Cette politique de confidentialit\u00e9 ne s'applique pas aux informations non sollicit\u00e9es que vous fournissez \u00e0 willbode.com par le biais du site ou par tout autre moyen. Ceci inclut, sans s'y limiter, les informations publi\u00e9es dans les zones publiques du Site, telles que les formulaires de commentaires (collectivement, \" Zones publiques \"), et autres soumissions non sollicit\u00e9es (collectivement, \" Informations non sollicit\u00e9es \"). Toutes les informations non sollicit\u00e9es seront consid\u00e9r\u00e9es comme non confidentielles et willbode.com sera libre de les reproduire, de les utiliser, de les divulguer et de les distribuer \u00e0 d'autres sans limitation ni attribution.<br \/><b><br \/><\/b><\/p><p><b>Enfants\u2028<\/b><br \/>willbode.com ne collecte pas sciemment les donn\u00e9es personnelles d'enfants de moins de 13 ans. Si vous avez moins de 13 ans, veuillez ne pas soumettre de donn\u00e9es personnelles par le biais du site. Nous encourageons les parents et les tuteurs l\u00e9gaux \u00e0 surveiller l'utilisation d'Internet par leurs enfants et \u00e0 contribuer \u00e0 l'application de notre politique de confidentialit\u00e9 en demandant \u00e0 leurs enfants de ne jamais fournir de donn\u00e9es personnelles sur le Site. Si vous avez des raisons de croire qu'un enfant de moins de 13 ans a fourni des donn\u00e9es personnelles \u00e0 Privacy WP, veuillez nous contacter et, dans la mesure du possible, nous supprimerons ces informations de nos bases de donn\u00e9es.<\/p><p><b>Liens vers d'autres sites web<\/b><br \/>\u2028Cette politique de confidentialit\u00e9 s'applique uniquement au site willbode.com. Le site peut contenir des liens vers d'autres sites Web non exploit\u00e9s ou contr\u00f4l\u00e9s par willbode.com (les \"sites tiers\"). Les politiques et proc\u00e9dures que nous avons d\u00e9crites ici ne s'appliquent pas aux sites tiers. Les liens du site n'impliquent pas que willbode.com approuve ou a examin\u00e9 les sites tiers. Nous sugg\u00e9rons de contacter directement ces sites pour obtenir des informations sur leurs politiques de confidentialit\u00e9.<\/p><p><b>S\u00e9curit\u00e9\u2028<\/b><br \/>willbode.com prend des mesures raisonnables pour prot\u00e9ger les donn\u00e9es personnelles fournies par le site contre la perte, l'utilisation abusive, l'acc\u00e8s non autoris\u00e9, la divulgation, l'alt\u00e9ration ou la destruction. Toutefois, aucune transmission par Internet ou par courrier \u00e9lectronique n'est jamais totalement s\u00e9curis\u00e9e ou exempte d'erreurs. En particulier, les courriers \u00e9lectroniques envoy\u00e9s vers ou depuis le Site peuvent ne pas \u00eatre s\u00e9curis\u00e9s. Par cons\u00e9quent, vous devez faire preuve d'une attention particuli\u00e8re dans le choix des informations que vous nous envoyez par courrier \u00e9lectronique. Veuillez garder cela \u00e0 l'esprit lorsque vous divulguez des donn\u00e9es personnelles \u00e0 willbode.com via Internet.<\/p><p><b>Modifications de vos informations personnelles<\/b><br \/>\u2028Nous tenons \u00e0 nous assurer que nous disposons des informations les plus r\u00e9centes possibles, c'est pourquoi nous vous invitons \u00e0 nous contacter pour nous informer des modifications apport\u00e9es \u00e0 vos informations personnelles. Si vous souhaitez recevoir une copie des informations personnelles que nous d\u00e9tenons \u00e0 votre sujet, veuillez nous contacter. Vous pouvez \u00e9galement demander que vos informations personnelles soient supprim\u00e9es de nos dossiers, mais il se peut que nous ne soyons pas en mesure de supprimer la totalit\u00e9 de ces informations pour des raisons technologiques ou juridiques.<\/p><p><b>Entreprises ou services tiers\u2028<\/b><br \/>Nous souhaitons vous informer de tous les tiers auxquels nous faisons appel pour mener \u00e0 bien nos op\u00e9rations commerciales. Certaines de vos informations personnelles peuvent se retrouver sur leurs serveurs, et seront donc r\u00e9gies par leurs politiques de confidentialit\u00e9 individuelles. Les soci\u00e9t\u00e9s ou services tiers que nous utilisons et qui sont susceptibles de traiter vos informations sont les suivants : Google Analytics, MailChimp, Stripe, PayPal, SiteGround.<\/p><p>\u2028\u2022<b> Google Analytics:<\/b> Utilis\u00e9es pour nous aider \u00e0 mieux comprendre nos clients. Les donn\u00e9es collect\u00e9es par Google Analytics sont des donn\u00e9es globales, qui ne sont pas li\u00e9es \u00e0 un individu sp\u00e9cifique. <a href=\"https:\/\/support.google.com\/analytics\/answer\/6004245?hl=en\" target=\"_blank\" rel=\"noopener\">https:\/\/support.google.com\/analytics\/answer\/6004245?hl=en<\/a><\/p><p>\u2022 <b>MailChimp:<\/b> Utilis\u00e9 pour envoyer des communications marketing par e-mail. Si vous \u00eates inscrit sur notre liste de diffusion, vous pouvez recevoir des annonces de mise \u00e0 jour, des informations sur les nouveaux produits ou d'autres informations susceptibles d'int\u00e9resser les utilisateurs de willbode.com. Vous pouvez vous d\u00e9sinscrire de ces courriels en cliquant sur le lien de d\u00e9sinscription qui se trouve au bas de chaque courriel qui vous est envoy\u00e9 par MailChimp. <a href=\"https:\/\/mailchimp.com\/legal\/privacy\/\" target=\"_blank\" rel=\"noopener\">https:\/\/mailchimp.com\/legal\/privacy\/<\/a><\/p><p>\u2028\u2022 <b>Stripe:<\/b> Traite les paiements des achats effectu\u00e9s sur le site. <a href=\"https:\/\/stripe.com\/us\/privacy\" target=\"_blank\" rel=\"noopener\">https:\/\/stripe.com\/us\/privacy<\/a><\/p><p>\u2028\u2022<b> PayPal: <\/b>Traite les paiements des achats effectu\u00e9s sur le site. <a href=\"https:\/\/www.paypal.com\/us\/webapps\/mpp\/ua\/privacy-full\" target=\"_blank\" rel=\"noopener\">https:\/\/www.paypal.com\/us\/webapps\/mpp\/ua\/privacy-full<br \/><\/a><br \/>\u2022 <b>Siteground: <\/b>Utilis\u00e9 pour h\u00e9berger le site et permettre aux visiteurs d'acc\u00e9der au site depuis n'importe quel endroit du monde disposant d'une connexion Internet. Toutes les donn\u00e9es personnelles transmises \u00e0 willbode.com transiteront ou r\u00e9sideront sur les serveurs de Sitegrounds. <a href=\"https:\/\/www.siteground.com\/viewtos\/privacy_policy\" target=\"_blank\" rel=\"noopener\">https:\/\/www.siteground.com\/viewtos\/privacy_policy<\/a><\/p><p><b>Modifications de la pr\u00e9sente politique de confidentialit\u00e9<\/b><br \/>\u2028Si nous apportons des modifications \u00e0 cette politique de confidentialit\u00e9, nous vous en informerons en publiant ces modifications sur ce site Web ou par courrier \u00e9lectronique.<br \/>Terms And Conditions\u2028Your access to and use of the Site is subject to the Terms and Conditions at \u2013 <a href=\"https:\/\/willbode.com\/fr\/terms\/\" target=\"_blank\" rel=\"noopener\">https:\/\/willbode.com\/terms<\/a><\/p><p><b>Contactez-nous<\/b><br \/>Si vous avez besoin de nous contacter, veuillez \u00e9crire \u00e0 willbode@willbode.com.<\/p><div>\u00a0<\/div><div>\u00a0<\/div><div>\u00a0<\/div><div>\u00a0<\/div><p>\u00a0<\/p>\t\t\t\t\t\t\t\t<\/div>\n\t\t\t\t<\/div>\n\t\t\t\t\t<\/div>\n\t\t<\/div>\n\t\t\t\t\t<\/div>\n\t\t<\/section>\n\t\t\t\t<section class=\"elementor-section elementor-top-section elementor-element elementor-element-88da3c5 elementor-section-boxed elementor-section-height-default elementor-section-height-default\" data-id=\"88da3c5\" data-element_type=\"section\" data-e-type=\"section\">\n\t\t\t\t\t\t<div class=\"elementor-container elementor-column-gap-default\">\n\t\t\t\t\t<div class=\"elementor-column elementor-col-100 elementor-top-column elementor-element elementor-element-4ea2dd5\" data-id=\"4ea2dd5\" data-element_type=\"column\" data-e-type=\"column\">\n\t\t\t<div class=\"elementor-widget-wrap\">\n\t\t\t\t\t\t\t<\/div>\n\t\t<\/div>\n\t\t\t\t\t<\/div>\n\t\t<\/section>\n\t\t\t\t<\/div>","protected":false},"excerpt":{"rendered":"<p>Privacy Policy Welcome to the Will Bode ( \u201cwe\u201d, \u201cus\u201d, and\/or \u201cour\u201d) website (the \u201cSite\u201d). This Site has been created to provide information about our work and services and to give (\u201cyou\u201d, \u201cyour company\u201d) the ability to work with us. This Privacy Policy sets forth our policy with respect to information including personally identifiable data [&hellip;]<\/p>\n","protected":false},"author":1,"featured_media":0,"parent":0,"menu_order":0,"comment_status":"closed","ping_status":"closed","template":"","meta":{"_monsterinsights_skip_tracking":false,"_monsterinsights_sitenote_active":false,"_monsterinsights_sitenote_note":"","_monsterinsights_sitenote_category":0,"site-sidebar-layout":"no-sidebar","site-content-layout":"page-builder","ast-site-content-layout":"default","site-content-style":"default","site-sidebar-style":"default","ast-global-header-display":"","ast-banner-title-visibility":"","ast-main-header-display":"","ast-hfb-above-header-display":"","ast-hfb-below-header-display":"","ast-hfb-mobile-header-display":"","site-post-title":"disabled","ast-breadcrumbs-content":"","ast-featured-img":"disabled","footer-sml-layout":"","ast-disable-related-posts":"","theme-transparent-header-meta":"default","adv-header-id-meta":"","stick-header-meta":"","header-above-stick-meta":"","header-main-stick-meta":"","header-below-stick-meta":"","astra-migrate-meta-layouts":"default","ast-page-background-enabled":"default","ast-page-background-meta":{"desktop":{"background-color":"","background-image":"","background-repeat":"repeat","background-position":"center center","background-size":"auto","background-attachment":"scroll","background-type":"","background-media":"","overlay-type":"","overlay-color":"","overlay-opacity":"","overlay-gradient":""},"tablet":{"background-color":"","background-image":"","background-repeat":"repeat","background-position":"center center","background-size":"auto","background-attachment":"scroll","background-type":"","background-media":"","overlay-type":"","overlay-color":"","overlay-opacity":"","overlay-gradient":""},"mobile":{"background-color":"","background-image":"","background-repeat":"repeat","background-position":"center center","background-size":"auto","background-attachment":"scroll","background-type":"","background-media":"","overlay-type":"","overlay-color":"","overlay-opacity":"","overlay-gradient":""}},"ast-content-background-meta":{"desktop":{"background-color":"var(--ast-global-color-5)","background-image":"","background-repeat":"repeat","background-position":"center center","background-size":"auto","background-attachment":"scroll","background-type":"","background-media":"","overlay-type":"","overlay-color":"","overlay-opacity":"","overlay-gradient":""},"tablet":{"background-color":"var(--ast-global-color-5)","background-image":"","background-repeat":"repeat","background-position":"center center","background-size":"auto","background-attachment":"scroll","background-type":"","background-media":"","overlay-type":"","overlay-color":"","overlay-opacity":"","overlay-gradient":""},"mobile":{"background-color":"var(--ast-global-color-5)","background-image":"","background-repeat":"repeat","background-position":"center center","background-size":"auto","background-attachment":"scroll","background-type":"","background-media":"","overlay-type":"","overlay-color":"","overlay-opacity":"","overlay-gradient":""}},"footnotes":""},"class_list":["post-1026","page","type-page","status-publish","hentry"],"_links":{"self":[{"href":"https:\/\/willbode.com\/fr\/wp-json\/wp\/v2\/pages\/1026","targetHints":{"allow":["GET"]}}],"collection":[{"href":"https:\/\/willbode.com\/fr\/wp-json\/wp\/v2\/pages"}],"about":[{"href":"https:\/\/willbode.com\/fr\/wp-json\/wp\/v2\/types\/page"}],"author":[{"embeddable":true,"href":"https:\/\/willbode.com\/fr\/wp-json\/wp\/v2\/users\/1"}],"replies":[{"embeddable":true,"href":"https:\/\/willbode.com\/fr\/wp-json\/wp\/v2\/comments?post=1026"}],"version-history":[{"count":4,"href":"https:\/\/willbode.com\/fr\/wp-json\/wp\/v2\/pages\/1026\/revisions"}],"predecessor-version":[{"id":8300,"href":"https:\/\/willbode.com\/fr\/wp-json\/wp\/v2\/pages\/1026\/revisions\/8300"}],"wp:attachment":[{"href":"https:\/\/willbode.com\/fr\/wp-json\/wp\/v2\/media?parent=1026"}],"curies":[{"name":"wp","href":"https:\/\/api.w.org\/{rel}","templated":true}]}}