{"id":1037,"date":"2020-10-19T12:47:59","date_gmt":"2020-10-19T12:47:59","guid":{"rendered":"https:\/\/willbode.com\/?page_id=1037"},"modified":"2024-07-12T17:43:13","modified_gmt":"2024-07-12T17:43:13","slug":"terms","status":"publish","type":"page","link":"https:\/\/willbode.com\/fr\/terms\/","title":{"rendered":"Modalit\u00e9s et Conditions"},"content":{"rendered":"<div data-elementor-type=\"wp-page\" data-elementor-id=\"1037\" class=\"elementor elementor-1037\" data-elementor-post-type=\"page\">\n\t\t\t\t\t\t<section class=\"elementor-section elementor-top-section elementor-element elementor-element-7558461 elementor-section-boxed elementor-section-height-default elementor-section-height-default\" data-id=\"7558461\" data-element_type=\"section\" data-e-type=\"section\">\n\t\t\t\t\t\t<div class=\"elementor-container elementor-column-gap-default\">\n\t\t\t\t\t<div class=\"elementor-column elementor-col-100 elementor-top-column elementor-element elementor-element-cabb198\" data-id=\"cabb198\" data-element_type=\"column\" data-e-type=\"column\">\n\t\t\t<div class=\"elementor-widget-wrap elementor-element-populated\">\n\t\t\t\t\t\t<div class=\"elementor-element elementor-element-ca3826d elementor-widget elementor-widget-heading\" data-id=\"ca3826d\" data-element_type=\"widget\" data-e-type=\"widget\" data-widget_type=\"heading.default\">\n\t\t\t\t<div class=\"elementor-widget-container\">\n\t\t\t\t\t<h2 class=\"elementor-heading-title elementor-size-default\">Modalit\u00e9s et Conditions<\/h2>\t\t\t\t<\/div>\n\t\t\t\t<\/div>\n\t\t\t\t\t<\/div>\n\t\t<\/div>\n\t\t\t\t\t<\/div>\n\t\t<\/section>\n\t\t\t\t<section class=\"elementor-section elementor-top-section elementor-element elementor-element-7f4dd2d elementor-section-boxed elementor-section-height-default elementor-section-height-default\" data-id=\"7f4dd2d\" data-element_type=\"section\" data-e-type=\"section\">\n\t\t\t\t\t\t<div class=\"elementor-container elementor-column-gap-default\">\n\t\t\t\t\t<div class=\"elementor-column elementor-col-100 elementor-top-column elementor-element elementor-element-28ed7eb\" data-id=\"28ed7eb\" data-element_type=\"column\" data-e-type=\"column\">\n\t\t\t<div class=\"elementor-widget-wrap elementor-element-populated\">\n\t\t\t\t\t\t<div class=\"elementor-element elementor-element-026ae93 elementor-widget elementor-widget-text-editor\" data-id=\"026ae93\" data-element_type=\"widget\" data-e-type=\"widget\" data-widget_type=\"text-editor.default\">\n\t\t\t\t<div class=\"elementor-widget-container\">\n\t\t\t\t\t\t\t\t\t<p>Les pr\u00e9sentes conditions g\u00e9n\u00e9rales du site web \u00e9crites sur cette page web g\u00e8rent votre utilisation de notre site web, Will Bode Designs, accessible \u00e0 l'adresse https:\/\/willbode.com.<\/p><p>Ces conditions s'appliqueront pleinement \u00e0 votre utilisation de ce site web. En utilisant ce site Web, vous avez accept\u00e9 toutes les conditions \u00e9nonc\u00e9es ici. Vous ne devez pas utiliser ce site Web si vous n'\u00eates pas d'accord avec l'une de ces conditions g\u00e9n\u00e9rales.<\/p><p>Les mineurs ou les personnes \u00e2g\u00e9es de moins de 18 ans ne sont pas autoris\u00e9s \u00e0 utiliser ce site web.<\/p><p><b>Droits de propri\u00e9t\u00e9 intellectuelle\u2028<\/b><br \/>\u00c0 l'exception du contenu dont vous \u00eates propri\u00e9taire, en vertu des pr\u00e9sentes conditions, willbode.com et\/ou ses conc\u00e9dants de licence sont propri\u00e9taires de tous les droits de propri\u00e9t\u00e9 intellectuelle et des documents contenus dans ce site Web. Une licence limit\u00e9e vous est accord\u00e9e uniquement dans le but de visualiser le mat\u00e9riel contenu sur ce site Web.<\/p><p><b>Restrictions\u2028<\/b><br \/>Vous \u00eates sp\u00e9cifiquement limit\u00e9 \u00e0 tout ce qui suit :<\/p><ul><li>publier tout mat\u00e9riel du site web dans tout autre m\u00e9dia ;<\/li><li>vendre, conc\u00e9der des sous-licences et\/ou commercialiser de toute autre mani\u00e8re les \u00e9l\u00e9ments du site web ;<\/li><li>ex\u00e9cuter et\/ou montrer publiquement tout mat\u00e9riel du site web ;<\/li><li>utiliser ce site Web d'une mani\u00e8re qui est ou pourrait \u00eatre pr\u00e9judiciable \u00e0 ce site Web ;<\/li><li>utiliser ce site Web d'une mani\u00e8re qui est ou pourrait \u00eatre pr\u00e9judiciable \u00e0 ce site Web ;<\/li><li>l'utilisation de ce site Web en violation des lois et r\u00e8glements applicables, ou de quelque mani\u00e8re que ce soit pouvant causer un pr\u00e9judice au site Web, ou \u00e0 toute personne ou entit\u00e9 commerciale ;<\/li><li>s'engager dans des activit\u00e9s d'exploration de donn\u00e9es, de r\u00e9colte de donn\u00e9es, d'extraction de donn\u00e9es ou toute autre activit\u00e9 similaire en relation avec ce site web ;<\/li><li>utiliser ce site web pour faire de la publicit\u00e9 ou du marketing.<\/li><\/ul><p>L'acc\u00e8s \u00e0 certaines zones de ce site Web est restreint et willbode.com peut restreindre davantage votre acc\u00e8s \u00e0 toute zone de ce site Web, \u00e0 tout moment, \u00e0 son enti\u00e8re discr\u00e9tion. Tout nom d'utilisateur et mot de passe que vous pouvez avoir pour ce site Web sont confidentiels et vous devez \u00e9galement maintenir la confidentialit\u00e9.<\/p><p><b>Votre contenu<\/b><br \/>Dans les pr\u00e9sentes conditions g\u00e9n\u00e9rales du site Web, \"Votre contenu\" d\u00e9signe tout texte audio, vid\u00e9o, image ou autre mat\u00e9riel que vous choisissez d'afficher sur ce site Web. En affichant votre contenu, vous accordez \u00e0 willbode.com une licence non exclusive, mondiale, irr\u00e9vocable et pouvant faire l'objet d'une sous-licence pour l'utiliser, le reproduire, l'adapter, le publier, le traduire et le distribuer sur tout support.<\/p><p>Votre contenu doit \u00eatre le v\u00f4tre et ne doit pas porter atteinte aux droits d'un tiers. willbode.com se r\u00e9serve le droit de supprimer tout contenu de ce site Web \u00e0 tout moment et sans pr\u00e9avis.<\/p><p><b>Aucune garantie\u2028<\/b><br \/>Ce site Web est fourni \"tel quel\", avec tous les d\u00e9fauts, et willbode.com n'exprime aucune repr\u00e9sentation ou garantie, de quelque nature que ce soit, relative \u00e0 ce site Web ou aux mat\u00e9riaux contenus dans ce site Web. En outre, rien de ce qui est contenu sur ce site Web ne doit \u00eatre interpr\u00e9t\u00e9 comme un conseil.<\/p><p><b>Limitation de la responsabilit\u00e9\u2028<\/b><br \/>En aucun cas, willbode.com, ni aucun de ses dirigeants, administrateurs et employ\u00e9s, ne sera tenu responsable de quoi que ce soit d\u00e9coulant de ou li\u00e9 de quelque mani\u00e8re que ce soit \u00e0 votre utilisation de ce site Web, que cette responsabilit\u00e9 soit contractuelle. willbode.com, y compris ses dirigeants, administrateurs et employ\u00e9s, ne sera pas tenu responsable de toute responsabilit\u00e9 indirecte, cons\u00e9cutive ou sp\u00e9ciale d\u00e9coulant de ou li\u00e9e de quelque mani\u00e8re que ce soit \u00e0 votre utilisation de ce site Web.<\/p><p><b>Indemnisation (r\u00e9paration des pr\u00e9judices ou des pertes) Par la pr\u00e9sente, vous indemnisez dans toute la mesure du possible willbode.com de et contre toutes les responsabilit\u00e9s, co\u00fbts, demandes, causes d'action, dommages et d\u00e9penses d\u00e9coulant de quelque mani\u00e8re que ce soit de votre violation de l'une des dispositions des pr\u00e9sentes conditions.<\/b><\/p><p><b>Divisibilit\u00e9\u2028<\/b><br \/>Si une disposition des pr\u00e9sentes Conditions est jug\u00e9e invalide en vertu d'une loi applicable, cette disposition sera supprim\u00e9e sans affecter les autres dispositions des pr\u00e9sentes.<\/p><p><b>Variation des termes<\/b><br \/>\u2028willbode.com est autoris\u00e9 \u00e0 r\u00e9viser ces conditions \u00e0 tout moment, comme bon lui semble, et en utilisant ce site Web, vous \u00eates cens\u00e9 revoir ces conditions r\u00e9guli\u00e8rement.<\/p><p><b>Affectation\u2028<\/b><br \/>willbode.com est autoris\u00e9 \u00e0 c\u00e9der, transf\u00e9rer et sous-traiter ses droits et\/ou obligations en vertu des pr\u00e9sentes conditions sans aucune notification. Toutefois, vous n'\u00eates pas autoris\u00e9 \u00e0 c\u00e9der, transf\u00e9rer ou sous-traiter l'un de vos droits et\/ou obligations en vertu des pr\u00e9sentes conditions.<br \/><br \/><b>Accord int\u00e9gral\u2028<\/b><br \/>Ces conditions constituent l'int\u00e9gralit\u00e9 de l'accord entre willbode.com et vous en ce qui concerne votre utilisation de ce site Web, et remplacent tous les accords et arrangements ant\u00e9rieurs.<\/p><p><b>Droit applicable et juridiction\u2028<\/b><br \/>Les pr\u00e9sentes Conditions seront r\u00e9gies et interpr\u00e9t\u00e9es conform\u00e9ment aux lois de la Suisse, et vous vous soumettez \u00e0 la juridiction non exclusive des tribunaux du canton de Vaud situ\u00e9s en Suisse pour la r\u00e9solution de tout litige.<\/p>\t\t\t\t\t\t\t\t<\/div>\n\t\t\t\t<\/div>\n\t\t\t\t\t<\/div>\n\t\t<\/div>\n\t\t\t\t\t<\/div>\n\t\t<\/section>\n\t\t\t\t<\/div>","protected":false},"excerpt":{"rendered":"<p>Terms and Conditions These Website Standard Terms and Conditions written on this webpage shall manage your use of our website, Will Bode Designs\u00a0accessible at https:\/\/willbode.com These Terms will be applied fully and affect to your use of this Website. By using this Website, you agreed to accept all terms and conditions written in here. You [&hellip;]<\/p>\n","protected":false},"author":1,"featured_media":0,"parent":0,"menu_order":0,"comment_status":"closed","ping_status":"closed","template":"","meta":{"_monsterinsights_skip_tracking":false,"_monsterinsights_sitenote_active":false,"_monsterinsights_sitenote_note":"","_monsterinsights_sitenote_category":0,"site-sidebar-layout":"no-sidebar","site-content-layout":"page-builder","ast-site-content-layout":"default","site-content-style":"default","site-sidebar-style":"default","ast-global-header-display":"","ast-banner-title-visibility":"","ast-main-header-display":"","ast-hfb-above-header-display":"","ast-hfb-below-header-display":"","ast-hfb-mobile-header-display":"","site-post-title":"disabled","ast-breadcrumbs-content":"","ast-featured-img":"disabled","footer-sml-layout":"","ast-disable-related-posts":"","theme-transparent-header-meta":"default","adv-header-id-meta":"","stick-header-meta":"","header-above-stick-meta":"","header-main-stick-meta":"","header-below-stick-meta":"","astra-migrate-meta-layouts":"default","ast-page-background-enabled":"default","ast-page-background-meta":{"desktop":{"background-color":"","background-image":"","background-repeat":"repeat","background-position":"center center","background-size":"auto","background-attachment":"scroll","background-type":"","background-media":"","overlay-type":"","overlay-color":"","overlay-opacity":"","overlay-gradient":""},"tablet":{"background-color":"","background-image":"","background-repeat":"repeat","background-position":"center center","background-size":"auto","background-attachment":"scroll","background-type":"","background-media":"","overlay-type":"","overlay-color":"","overlay-opacity":"","overlay-gradient":""},"mobile":{"background-color":"","background-image":"","background-repeat":"repeat","background-position":"center center","background-size":"auto","background-attachment":"scroll","background-type":"","background-media":"","overlay-type":"","overlay-color":"","overlay-opacity":"","overlay-gradient":""}},"ast-content-background-meta":{"desktop":{"background-color":"var(--ast-global-color-5)","background-image":"","background-repeat":"repeat","background-position":"center center","background-size":"auto","background-attachment":"scroll","background-type":"","background-media":"","overlay-type":"","overlay-color":"","overlay-opacity":"","overlay-gradient":""},"tablet":{"background-color":"var(--ast-global-color-5)","background-image":"","background-repeat":"repeat","background-position":"center center","background-size":"auto","background-attachment":"scroll","background-type":"","background-media":"","overlay-type":"","overlay-color":"","overlay-opacity":"","overlay-gradient":""},"mobile":{"background-color":"var(--ast-global-color-5)","background-image":"","background-repeat":"repeat","background-position":"center center","background-size":"auto","background-attachment":"scroll","background-type":"","background-media":"","overlay-type":"","overlay-color":"","overlay-opacity":"","overlay-gradient":""}},"footnotes":""},"class_list":["post-1037","page","type-page","status-publish","hentry"],"_links":{"self":[{"href":"https:\/\/willbode.com\/fr\/wp-json\/wp\/v2\/pages\/1037","targetHints":{"allow":["GET"]}}],"collection":[{"href":"https:\/\/willbode.com\/fr\/wp-json\/wp\/v2\/pages"}],"about":[{"href":"https:\/\/willbode.com\/fr\/wp-json\/wp\/v2\/types\/page"}],"author":[{"embeddable":true,"href":"https:\/\/willbode.com\/fr\/wp-json\/wp\/v2\/users\/1"}],"replies":[{"embeddable":true,"href":"https:\/\/willbode.com\/fr\/wp-json\/wp\/v2\/comments?post=1037"}],"version-history":[{"count":4,"href":"https:\/\/willbode.com\/fr\/wp-json\/wp\/v2\/pages\/1037\/revisions"}],"predecessor-version":[{"id":8304,"href":"https:\/\/willbode.com\/fr\/wp-json\/wp\/v2\/pages\/1037\/revisions\/8304"}],"wp:attachment":[{"href":"https:\/\/willbode.com\/fr\/wp-json\/wp\/v2\/media?parent=1037"}],"curies":[{"name":"wp","href":"https:\/\/api.w.org\/{rel}","templated":true}]}}